{"id":2301,"date":"2022-09-29T16:32:38","date_gmt":"2022-09-29T21:32:38","guid":{"rendered":"https:\/\/slcontadores.com\/web\/?page_id=2301"},"modified":"2025-10-17T09:01:04","modified_gmt":"2025-10-17T14:01:04","slug":"quienes-somos","status":"publish","type":"page","link":"https:\/\/slcontadores.com\/web\/quienes-somos\/","title":{"rendered":"Quienes somos"},"content":{"rendered":"<p>[et_pb_section fb_built=\u00bb1&#8243; next_background_color=\u00bb#ffffff\u00bb _builder_version=\u00bb4.18.0&#8243; _module_preset=\u00bbdefault\u00bb background_color=\u00bb#0f77b4&#8243; background_image=\u00bbhttps:\/\/slcontadores.com\/web\/wp-content\/uploads\/2022\/09\/bg01.jpg\u00bb background_blend=\u00bbmultiply\u00bb bottom_divider_style=\u00bbasymmetric4&#8243; global_colors_info=\u00bb{}\u00bb][et_pb_row _builder_version=\u00bb4.18.0&#8243; _module_preset=\u00bbdefault\u00bb global_colors_info=\u00bb{}\u00bb][et_pb_column type=\u00bb4_4&#8243; _builder_version=\u00bb4.18.0&#8243; _module_preset=\u00bbdefault\u00bb global_colors_info=\u00bb{}\u00bb][et_pb_text _builder_version=\u00bb4.18.0&#8243; _module_preset=\u00bbdefault\u00bb header_font=\u00bbCabin|700||on|||||\u00bb header_text_align=\u00bbcenter\u00bb header_text_color=\u00bb#FFFFFF\u00bb header_font_size=\u00bb60px\u00bb header_line_height=\u00bb1.7em\u00bb header_font_size_tablet=\u00bb48px\u00bb header_font_size_phone=\u00bb36px\u00bb header_font_size_last_edited=\u00bbon|desktop\u00bb header_text_shadow_style=\u00bbpreset1&#8243; global_colors_info=\u00bb{}\u00bb]<\/p>\n<h1>Quienes somos<\/h1>\n<p>[\/et_pb_text][\/et_pb_column][\/et_pb_row][\/et_pb_section][et_pb_section fb_built=\u00bb1&#8243; _builder_version=\u00bb4.18.0&#8243; _module_preset=\u00bbdefault\u00bb global_colors_info=\u00bb{}\u00bb][et_pb_row column_structure=\u00bb1_2,1_2&#8243; _builder_version=\u00bb4.18.0&#8243; _module_preset=\u00bbdefault\u00bb global_colors_info=\u00bb{}\u00bb][et_pb_column type=\u00bb1_2&#8243; _builder_version=\u00bb4.18.0&#8243; _module_preset=\u00bbdefault\u00bb global_colors_info=\u00bb{}\u00bb][dnxte_text_highlight before_text=\u00bbSobre \u00bb highlight_text=\u00bbNosotros\u00bb highlight_alignment=\u00bbcenter\u00bb _builder_version=\u00bb4.18.0&#8243; _module_preset=\u00bbdefault\u00bb heading_fonts_text_color=\u00bb#000000&#8243; animation_fonts_font=\u00bb|700|||||||\u00bb animation_fonts_text_color=\u00bb#000000&#8243; global_colors_info=\u00bb{}\u00bb][\/dnxte_text_highlight][et_pb_text _builder_version=\u00bb4.18.0&#8243; _module_preset=\u00bbdefault\u00bb text_orientation=\u00bbjustified\u00bb hover_enabled=\u00bb0&#8243; global_colors_info=\u00bb{}\u00bb sticky_enabled=\u00bb0&#8243;]<\/p>\n<p>Somos un equipo profesional que brinda servicios de asesor\u00eda contable, laboral, tributaria y financiera. Nuestra visi\u00f3n y filosof\u00eda empresarial tiene como principios la practica de virtudes y la calidad en el desarrollo de las funciones.<\/p>\n<p>El aprendizaje y capacitaci\u00f3n permanente es nuestra ventana competitiva para adaptarnos al cambio.<br \/>Para Soto Le\u00f3n Contadores, lo mas importante son nuestros clientes y la confianza que depositan en nosotros se convierte en estimulo para ser mejores cada d\u00eda.<\/p>\n<p>&nbsp;<\/p>\n<p>[\/et_pb_text][\/et_pb_column][et_pb_column type=\u00bb1_2&#8243; _builder_version=\u00bb4.18.0&#8243; _module_preset=\u00bbdefault\u00bb global_colors_info=\u00bb{}\u00bb][et_pb_image src=\u00bbhttps:\/\/slcontadores.com\/web\/wp-content\/uploads\/2022\/09\/qsomos.jpg\u00bb alt=\u00bbQuienes Somos\u00bb title_text=\u00bbqsomos\u00bb _builder_version=\u00bb4.18.0&#8243; _module_preset=\u00bbdefault\u00bb border_radii=\u00bbon|20px|20px|20px|20px\u00bb box_shadow_style=\u00bbpreset2&#8243; global_colors_info=\u00bb{}\u00bb][\/et_pb_image][\/et_pb_column][\/et_pb_row][et_pb_row column_structure=\u00bb1_2,1_2&#8243; _builder_version=\u00bb4.18.0&#8243; _module_preset=\u00bbdefault\u00bb global_colors_info=\u00bb{}\u00bb][et_pb_column type=\u00bb1_2&#8243; _builder_version=\u00bb4.18.0&#8243; _module_preset=\u00bbdefault\u00bb global_colors_info=\u00bb{}\u00bb][dnxte_text_highlight highlight_text=\u00bbMisi\u00f3n\u00bb highlight_alignment=\u00bbcenter\u00bb _builder_version=\u00bb4.18.0&#8243; _module_preset=\u00bbdefault\u00bb heading_fonts_text_color=\u00bb#000000&#8243; animation_fonts_font=\u00bb|700|||||||\u00bb animation_fonts_text_color=\u00bb#000000&#8243; global_colors_info=\u00bb{}\u00bb][\/dnxte_text_highlight][et_pb_text _builder_version=\u00bb4.18.0&#8243; _module_preset=\u00bbdefault\u00bb text_orientation=\u00bbjustified\u00bb hover_enabled=\u00bb0&#8243; global_colors_info=\u00bb{}\u00bb sticky_enabled=\u00bb0&#8243;]<\/p>\n<p>Brindar asesor\u00eda contable, laboral; tributaria y financiera de manera integral y oportuna para contribuir con el desarrollo de nuestros clientes.<\/p>\n<p>[\/et_pb_text][\/et_pb_column][et_pb_column type=\u00bb1_2&#8243; _builder_version=\u00bb4.18.0&#8243; _module_preset=\u00bbdefault\u00bb global_colors_info=\u00bb{}\u00bb][dnxte_text_highlight highlight_text=\u00bbVisi\u00f3n\u00bb highlight_alignment=\u00bbcenter\u00bb _builder_version=\u00bb4.18.0&#8243; _module_preset=\u00bbdefault\u00bb heading_fonts_text_color=\u00bb#000000&#8243; animation_fonts_font=\u00bb|700|||||||\u00bb animation_fonts_text_color=\u00bb#000000&#8243; global_colors_info=\u00bb{}\u00bb][\/dnxte_text_highlight][et_pb_text _builder_version=\u00bb4.18.0&#8243; _module_preset=\u00bbdefault\u00bb text_orientation=\u00bbjustified\u00bb global_colors_info=\u00bb{}\u00bb]<\/p>\n<p>Ser un estudio contable-laboral-tributario y financiero, l\u00edder e innovador, con personal altamente capacitado, que en base al desarrollo de virtudes brinde servicios de calidad.<\/p>\n<p>[\/et_pb_text][\/et_pb_column][\/et_pb_row][\/et_pb_section]<\/p>\n","protected":false},"excerpt":{"rendered":"<p>Quienes somos<div class=\"et_pb_module dnxte_text_highlight dnxte_text_highlight_0\">\n\t\t\t\t\n\t\t\t\t\n\t\t\t\t\n\t\t\t\t\n\t\t\t\t\n\t\t\t\t\n\t\t\t\t<div class=\"et_pb_module_inner\">\n\t\t\t\t\t<h2 class=\"dnxt-highlight-intro  dnext_highlight_alignment_center\">\r\n\t\t\t\t\t<span class=\"dnxt-highlight-Btext dnxt-text-heading\">Sobre <\/span>\r\n\t\t\t\t\t<span class=\"dnxt-text-highlight-animated-wrapper\">\r\n\t\t\t\t\t\t<span class=\"dnxt-text-highlight dnxt-text-highlight-animated-text\">Nosotros<\/span>\r\n\t\t\t\t\t\t<span><svg xmlns=\"http:\/\/www.w3.org\/2000\/svg\" viewBox=\"0 0 500 150\" preserveAspectRatio=\"none\"><path d=\"M7.7,145.6C109,125,299.9,116.2,401,121.3c42.1,2.2,87.6,11.8,87.3,25.7\"><\/path><\/svg><\/span>\r\n\t\t\t\t\t<\/span>\r\n\t\t\t\t\t\r\n\t\t\t<\/h2>\n\t\t\t\t<\/div>\n\t\t\t<\/div>Somos un equipo profesional que brinda servicios de asesor\u00eda contable, laboral, tributaria y financiera. Nuestra visi\u00f3n y filosof\u00eda empresarial tiene como principios la practica de virtudes y la calidad en el desarrollo de las funciones. El aprendizaje y capacitaci\u00f3n permanente es nuestra ventana competitiva [&hellip;]<\/p>\n","protected":false},"author":4,"featured_media":0,"parent":0,"menu_order":0,"comment_status":"closed","ping_status":"closed","template":"","meta":{"_et_pb_use_builder":"on","_et_pb_old_content":"<!-- wp:divi\/placeholder \/-->","_et_gb_content_width":"","_joinchat":[],"footnotes":""},"class_list":["post-2301","page","type-page","status-publish","hentry"],"_links":{"self":[{"href":"https:\/\/slcontadores.com\/web\/wp-json\/wp\/v2\/pages\/2301","targetHints":{"allow":["GET"]}}],"collection":[{"href":"https:\/\/slcontadores.com\/web\/wp-json\/wp\/v2\/pages"}],"about":[{"href":"https:\/\/slcontadores.com\/web\/wp-json\/wp\/v2\/types\/page"}],"author":[{"embeddable":true,"href":"https:\/\/slcontadores.com\/web\/wp-json\/wp\/v2\/users\/4"}],"replies":[{"embeddable":true,"href":"https:\/\/slcontadores.com\/web\/wp-json\/wp\/v2\/comments?post=2301"}],"version-history":[{"count":9,"href":"https:\/\/slcontadores.com\/web\/wp-json\/wp\/v2\/pages\/2301\/revisions"}],"predecessor-version":[{"id":332203,"href":"https:\/\/slcontadores.com\/web\/wp-json\/wp\/v2\/pages\/2301\/revisions\/332203"}],"wp:attachment":[{"href":"https:\/\/slcontadores.com\/web\/wp-json\/wp\/v2\/media?parent=2301"}],"curies":[{"name":"wp","href":"https:\/\/api.w.org\/{rel}","templated":true}]}}